{"id":12383,"date":"2025-06-02T18:13:18","date_gmt":"2025-06-02T17:13:18","guid":{"rendered":"https:\/\/sourcingpartner.eu\/datenschutz-und-webseitencookies-en\/"},"modified":"2025-06-02T18:40:32","modified_gmt":"2025-06-02T17:40:32","slug":"datenschutz-und-webseitencookies-en","status":"publish","type":"page","link":"https:\/\/sourcingpartner.eu\/de\/datenschutz-und-webseitencookies-en\/","title":{"rendered":"Cookie Information (EN)"},"content":{"rendered":"\t\t<div data-elementor-type=\"wp-page\" data-elementor-id=\"12383\" class=\"elementor elementor-12383 elementor-12371\">\n\t\t\t\t<div class=\"elementor-element elementor-element-d4a2ed1 e-flex e-con-boxed e-con e-parent\" data-id=\"d4a2ed1\" data-element_type=\"container\" data-e-type=\"container\">\n\t\t\t\t\t<div class=\"e-con-inner\">\n\t\t<div class=\"elementor-element elementor-element-6f1d5308 e-con-full e-flex e-con e-child\" data-id=\"6f1d5308\" data-element_type=\"container\" data-e-type=\"container\">\n\t\t\t\t<div class=\"elementor-element elementor-element-6799e100 elementor-widget elementor-widget-text-editor\" data-id=\"6799e100\" data-element_type=\"widget\" data-e-type=\"widget\" data-widget_type=\"text-editor.default\">\n\t\t\t\t<div class=\"elementor-widget-container\">\n\t\t\t\t\t\t\t\t\t<p>Cookie-Informationen<\/p>\t\t\t\t\t\t\t\t<\/div>\n\t\t\t\t<\/div>\n\t\t\t\t<\/div>\n\t\t<div class=\"elementor-element elementor-element-3616b312 e-con-full e-flex e-con e-child\" data-id=\"3616b312\" data-element_type=\"container\" data-e-type=\"container\">\n\t\t\t\t<div class=\"elementor-element elementor-element-c0411c1 elementor-widget elementor-widget-text-editor\" data-id=\"c0411c1\" data-element_type=\"widget\" data-e-type=\"widget\" data-widget_type=\"text-editor.default\">\n\t\t\t\t<div class=\"elementor-widget-container\">\n\t\t\t\t\t\t\t\t\t<p><strong>Letzte Aktualisierung:<\/strong> 2. Juni 2025 &#8211; Diese Cookie-Richtlinie erl\u00e4utert, wie sourcingpartner.eu (\u201ewir\u201c, \u201euns\u201c und \u201eunser\u201c) Cookies und \u00e4hnliche Technologien verwendet, um Sie beim Besuch unserer Website sourcingpartner.eu (\u201eWebsite\u201c) wiederzuerkennen. Sie erl\u00e4utert, was diese Technologien sind, warum wir sie verwenden und welche Rechte Sie haben, unsere Verwendung dieser Technologien zu kontrollieren.<\/p><p><strong>1. Was sind Cookies?<\/strong><br \/>Cookies sind kleine Dateien, die beim Besuch einer Website auf Ihrem Computer oder Mobilger\u00e4t abgelegt werden. Websitebetreiber verwenden Cookies h\u00e4ufig, um die Leistung ihrer Websites zu verbessern und Berichtsinformationen bereitzustellen.<br \/>Cookies, die vom Websitebetreiber (in diesem Fall [Name Ihrer Website]) gesetzt werden, hei\u00dfen \u201eErstanbieter-Cookies\u201c. Cookies, die von anderen Parteien als dem Websitebetreiber gesetzt werden, hei\u00dfen \u201eDrittanbieter-Cookies\u201c. Drittanbieter-Cookies erm\u00f6glichen Funktionen von Drittanbietern (wie Werbung, interaktive Inhalte und Analysen).<\/p><p><strong>2. Warum verwenden wir Cookies?<\/strong><br \/>Wir verwenden Cookies aus verschiedenen Gr\u00fcnden:<br \/>\u2013 Unbedingt erforderliche Cookies: Diese sind aus technischen Gr\u00fcnden f\u00fcr den Betrieb unserer Website erforderlich (z. B. Sitzungsverwaltung).<br \/>\u2013 Leistungs- und Funktions-Cookies: Diese verbessern die Leistung und Funktionalit\u00e4t unserer Website, sind jedoch nicht unbedingt erforderlich.<br \/>\u2013 Analyse- und Anpassungs-Cookies: Diese sammeln Informationen, die uns helfen zu verstehen, wie unsere Website genutzt wird (z. B. Google Analytics).<br \/>\u2013 Werbe-Cookies: Diese werden verwendet, um Werbebotschaften f\u00fcr Sie relevanter zu gestalten (falls zutreffend).<\/p>\t\t\t\t\t\t\t\t<\/div>\n\t\t\t\t<\/div>\n\t\t\t\t<div class=\"elementor-element elementor-element-3dee57bf elementor-widget elementor-widget-text-editor\" data-id=\"3dee57bf\" data-element_type=\"widget\" data-e-type=\"widget\" data-widget_type=\"text-editor.default\">\n\t\t\t\t<div class=\"elementor-widget-container\">\n\t\t\t\t\t\t\t\t\t<p><strong>3. Von uns verwendete Cookies und Cookie-Arten<\/strong><\/p><p>Unbedingt erforderlich f\u00fcr die Funktionalit\u00e4t und den Zugriff auf die Website, z. B. Login-Cookies und Sicherheitstoken.<\/p><p>Performance\/Analyse zur Analyse der Website-Nutzung, z. B. Google Analytics, Hotjar usw.<\/p><p>Funktional zur Speicherung von Pr\u00e4ferenzen und Auswahlm\u00f6glichkeiten, z. B. Spracheinstellungen.<\/p><p>Targeting\/Werbung zur Bereitstellung relevanter Werbung und zur Messung ihrer Effektivit\u00e4t, z. B. verwendet von Google Ads, Facebook Pixel usw.<\/p>\t\t\t\t\t\t\t\t<\/div>\n\t\t\t\t<\/div>\n\t\t\t\t<div class=\"elementor-element elementor-element-3ae1b3f3 xpro-table-head-icon-right xpro-table-row-icon-right elementor-widget elementor-widget-xpro-table\" data-id=\"3ae1b3f3\" data-element_type=\"widget\" data-e-type=\"widget\" data-widget_type=\"xpro-table.default\">\n\t\t\t\t<div class=\"elementor-widget-container\">\n\t\t\t\t\t<table class=\"xpro-table xpro-table-responsive\">\n\t<thead class=\"xpro-table-head\">\n\t<tr class=\"xpro-table-head-row\">\n\t\t\t\t\t<th class=\"xpro-table-head-column-cell elementor-repeater-item-d76be49\">\n\t\t\t\t<div class=\"xpro-table-head-column-cell-inner\">\n\t\t\t\t\t<span class=\"xpro-table-head-column-cell-content\">Cockie<\/span>\n\t\t\t\t\t\n\t\t\t\t\t\t\t\t\t<\/div>\n\t\t\t<\/th>\n\t\t\t\t\t<th class=\"xpro-table-head-column-cell elementor-repeater-item-c632840\">\n\t\t\t\t<div class=\"xpro-table-head-column-cell-inner\">\n\t\t\t\t\t<span class=\"xpro-table-head-column-cell-content\">Domain<\/span>\n\t\t\t\t\t\n\t\t\t\t\t\t\t\t\t<\/div>\n\t\t\t<\/th>\n\t\t\t\t\t<th class=\"xpro-table-head-column-cell elementor-repeater-item-af2b657\">\n\t\t\t\t<div class=\"xpro-table-head-column-cell-inner\">\n\t\t\t\t\t<span class=\"xpro-table-head-column-cell-content\">Description<\/span>\n\t\t\t\t\t\n\t\t\t\t\t\t\t\t\t<\/div>\n\t\t\t<\/th>\n\t\t\t\t\t<th class=\"xpro-table-head-column-cell elementor-repeater-item-e81b130\">\n\t\t\t\t<div class=\"xpro-table-head-column-cell-inner\">\n\t\t\t\t\t<span class=\"xpro-table-head-column-cell-content\">Duration<\/span>\n\t\t\t\t\t\n\t\t\t\t\t\t\t\t\t<\/div>\n\t\t\t<\/th>\n\t\t\t\t\t<th class=\"xpro-table-head-column-cell elementor-repeater-item-3974bd8\">\n\t\t\t\t<div class=\"xpro-table-head-column-cell-inner\">\n\t\t\t\t\t<span class=\"xpro-table-head-column-cell-content\">Type<\/span>\n\t\t\t\t\t\n\t\t\t\t\t\t\t\t\t<\/div>\n\t\t\t<\/th>\n\t\t\t<\/tr>\n\t<\/thead>\n\t<tbody class=\"xpro-table-body\">\n\t\t\t<tr class=\"xpro-table-body-row\">\n\t\t\t\t\t\t\t\t<td class=\"xpro-table-body-row-cell elementor-repeater-item-67a25eb\" colspan=\"\">\n\t\t\t\t\t\t<div class=\"xpro-table-body-row-cell-inner\">\n\t\t\t\t\t\t\t\t\t\t\t\t\t\t<span class=\"xpro-table-body-row-cell-content\">\n\t\t\t\t\t\t\t\t_ga_*\t\t\t\t\t\t\t<\/span>\n\t\t\t\t\t\t\t\n\t\t\t\t\t\t\t\t\t\t\t\t\t\t\t\t\t\t\t\t<\/div>\n\t\t\t\t\t<\/td>\n\t\t\t\t\t\t\t\t\t\t<td class=\"xpro-table-body-row-cell elementor-repeater-item-2b04413\" colspan=\"\">\n\t\t\t\t\t\t<div class=\"xpro-table-body-row-cell-inner\">\n\t\t\t\t\t\t\t\t\t\t\t\t\t\t<span class=\"xpro-table-body-row-cell-content\">\n\t\t\t\t\t\t\t\t.sourcingpartner.eu\t\t\t\t\t\t\t<\/span>\n\t\t\t\t\t\t\t\n\t\t\t\t\t\t\t\t\t\t\t\t\t\t\t\t\t\t\t\t<\/div>\n\t\t\t\t\t<\/td>\n\t\t\t\t\t\t\t\t\t\t<td class=\"xpro-table-body-row-cell elementor-repeater-item-a91f53c\" colspan=\"\">\n\t\t\t\t\t\t<div class=\"xpro-table-body-row-cell-inner\">\n\t\t\t\t\t\t\t\t\t\t\t\t\t\t<span class=\"xpro-table-body-row-cell-content\">\n\t\t\t\t\t\t\t\tGoogle Analytics sets this cookie to store and count page views.\t\t\t\t\t\t\t<\/span>\n\t\t\t\t\t\t\t\n\t\t\t\t\t\t\t\t\t\t\t\t\t\t\t\t\t\t\t\t<\/div>\n\t\t\t\t\t<\/td>\n\t\t\t\t\t\t\t\t\t\t<td class=\"xpro-table-body-row-cell elementor-repeater-item-545ae9a\" colspan=\"\">\n\t\t\t\t\t\t<div class=\"xpro-table-body-row-cell-inner\">\n\t\t\t\t\t\t\t\t\t\t\t\t\t\t<span class=\"xpro-table-body-row-cell-content\">\n\t\t\t\t\t\t\t\t1 year 1 month 4 days\t\t\t\t\t\t\t<\/span>\n\t\t\t\t\t\t\t\n\t\t\t\t\t\t\t\t\t\t\t\t\t\t\t\t\t\t\t\t<\/div>\n\t\t\t\t\t<\/td>\n\t\t\t\t\t\t\t\t\t\t<td class=\"xpro-table-body-row-cell elementor-repeater-item-011f8f4\" colspan=\"\">\n\t\t\t\t\t\t<div class=\"xpro-table-body-row-cell-inner\">\n\t\t\t\t\t\t\t\t\t\t\t\t\t\t<span class=\"xpro-table-body-row-cell-content\">\n\t\t\t\t\t\t\t\tAnalytics\t\t\t\t\t\t\t<\/span>\n\t\t\t\t\t\t\t\n\t\t\t\t\t\t\t\t\t\t\t\t\t\t\t\t\t\t\t\t<\/div>\n\t\t\t\t\t<\/td>\n\t\t\t\t\t\t\t<\/tr>\n\t\t\t<tr class=\"xpro-table-body-row\">\n\t\t\t\t\t\t\t\t<td class=\"xpro-table-body-row-cell elementor-repeater-item-ad916e8\" colspan=\"\">\n\t\t\t\t\t\t<div class=\"xpro-table-body-row-cell-inner\">\n\t\t\t\t\t\t\t\t\t\t\t\t\t\t<span class=\"xpro-table-body-row-cell-content\">\n\t\t\t\t\t\t\t\t_ga\t\t\t\t\t\t\t<\/span>\n\t\t\t\t\t\t\t\n\t\t\t\t\t\t\t\t\t\t\t\t\t\t\t\t\t\t\t\t<\/div>\n\t\t\t\t\t<\/td>\n\t\t\t\t\t\t\t\t\t\t<td class=\"xpro-table-body-row-cell elementor-repeater-item-c54ca75\" colspan=\"\">\n\t\t\t\t\t\t<div class=\"xpro-table-body-row-cell-inner\">\n\t\t\t\t\t\t\t\t\t\t\t\t\t\t<span class=\"xpro-table-body-row-cell-content\">\n\t\t\t\t\t\t\t\t.sourcingpartner.eu\t\t\t\t\t\t\t<\/span>\n\t\t\t\t\t\t\t\n\t\t\t\t\t\t\t\t\t\t\t\t\t\t\t\t\t\t\t\t<\/div>\n\t\t\t\t\t<\/td>\n\t\t\t\t\t\t\t\t\t\t<td class=\"xpro-table-body-row-cell elementor-repeater-item-3719dbc\" colspan=\"\">\n\t\t\t\t\t\t<div class=\"xpro-table-body-row-cell-inner\">\n\t\t\t\t\t\t\t\t\t\t\t\t\t\t<span class=\"xpro-table-body-row-cell-content\">\n\t\t\t\t\t\t\t\tThe _ga cookie, installed by Google Analytics, calculates visitor, session and campaign data and also keeps track of site usage for the site's analytics report. The cookie stores information anonymously and assigns a randomly generated number to recognize unique visitors.\t\t\t\t\t\t\t<\/span>\n\t\t\t\t\t\t\t\n\t\t\t\t\t\t\t\t\t\t\t\t\t\t\t\t\t\t\t\t<\/div>\n\t\t\t\t\t<\/td>\n\t\t\t\t\t\t\t\t\t\t<td class=\"xpro-table-body-row-cell elementor-repeater-item-bd6e68a\" colspan=\"\">\n\t\t\t\t\t\t<div class=\"xpro-table-body-row-cell-inner\">\n\t\t\t\t\t\t\t\t\t\t\t\t\t\t<span class=\"xpro-table-body-row-cell-content\">\n\t\t\t\t\t\t\t\t1 year 1 month 4 days\t\t\t\t\t\t\t<\/span>\n\t\t\t\t\t\t\t\n\t\t\t\t\t\t\t\t\t\t\t\t\t\t\t\t\t\t\t\t<\/div>\n\t\t\t\t\t<\/td>\n\t\t\t\t\t\t\t\t\t\t<td class=\"xpro-table-body-row-cell elementor-repeater-item-29a051b\" colspan=\"\">\n\t\t\t\t\t\t<div class=\"xpro-table-body-row-cell-inner\">\n\t\t\t\t\t\t\t\t\t\t\t\t\t\t<span class=\"xpro-table-body-row-cell-content\">\n\t\t\t\t\t\t\t\tAnalytics\t\t\t\t\t\t\t<\/span>\n\t\t\t\t\t\t\t\n\t\t\t\t\t\t\t\t\t\t\t\t\t\t\t\t\t\t\t\t<\/div>\n\t\t\t\t\t<\/td>\n\t\t\t\t\t\t\t<\/tr>\n\t\t\t<tr class=\"xpro-table-body-row\">\n\t\t\t\t\t\t\t\t<td class=\"xpro-table-body-row-cell elementor-repeater-item-91ac3e1\" colspan=\"\">\n\t\t\t\t\t\t<div class=\"xpro-table-body-row-cell-inner\">\n\t\t\t\t\t\t\t\t\t\t\t\t\t\t<span class=\"xpro-table-body-row-cell-content\">\n\t\t\t\t\t\t\t\twp-wpml_current_language\t\t\t\t\t\t\t<\/span>\n\t\t\t\t\t\t\t\n\t\t\t\t\t\t\t\t\t\t\t\t\t\t\t\t\t\t\t\t<\/div>\n\t\t\t\t\t<\/td>\n\t\t\t\t\t\t\t\t\t\t<td class=\"xpro-table-body-row-cell elementor-repeater-item-0cf3137\" colspan=\"\">\n\t\t\t\t\t\t<div class=\"xpro-table-body-row-cell-inner\">\n\t\t\t\t\t\t\t\t\t\t\t\t\t\t<span class=\"xpro-table-body-row-cell-content\">\n\t\t\t\t\t\t\t\t.sourcingpartner.eu\t\t\t\t\t\t\t<\/span>\n\t\t\t\t\t\t\t\n\t\t\t\t\t\t\t\t\t\t\t\t\t\t\t\t\t\t\t\t<\/div>\n\t\t\t\t\t<\/td>\n\t\t\t\t\t\t\t\t\t\t<td class=\"xpro-table-body-row-cell elementor-repeater-item-74cfdfd\" colspan=\"\">\n\t\t\t\t\t\t<div class=\"xpro-table-body-row-cell-inner\">\n\t\t\t\t\t\t\t\t\t\t\t\t\t\t<span class=\"xpro-table-body-row-cell-content\">\n\t\t\t\t\t\t\t\tWordPress multilingual plugin sets this cookie to store the current language\/language settings.\t\t\t\t\t\t\t<\/span>\n\t\t\t\t\t\t\t\n\t\t\t\t\t\t\t\t\t\t\t\t\t\t\t\t\t\t\t\t<\/div>\n\t\t\t\t\t<\/td>\n\t\t\t\t\t\t\t\t\t\t<td class=\"xpro-table-body-row-cell elementor-repeater-item-f8d63d0\" colspan=\"\">\n\t\t\t\t\t\t<div class=\"xpro-table-body-row-cell-inner\">\n\t\t\t\t\t\t\t\t\t\t\t\t\t\t<span class=\"xpro-table-body-row-cell-content\">\n\t\t\t\t\t\t\t\t1 year 1 month 4 days\t\t\t\t\t\t\t<\/span>\n\t\t\t\t\t\t\t\n\t\t\t\t\t\t\t\t\t\t\t\t\t\t\t\t\t\t\t\t<\/div>\n\t\t\t\t\t<\/td>\n\t\t\t\t\t\t\t\t\t\t<td class=\"xpro-table-body-row-cell elementor-repeater-item-f0c2eaf\" colspan=\"\">\n\t\t\t\t\t\t<div class=\"xpro-table-body-row-cell-inner\">\n\t\t\t\t\t\t\t\t\t\t\t\t\t\t<span class=\"xpro-table-body-row-cell-content\">\n\t\t\t\t\t\t\t\tAnalytics\t\t\t\t\t\t\t<\/span>\n\t\t\t\t\t\t\t\n\t\t\t\t\t\t\t\t\t\t\t\t\t\t\t\t\t\t\t\t<\/div>\n\t\t\t\t\t<\/td>\n\t\t\t\t\t\t\t<\/tr>\n\t\t<\/tbody>\n<\/table>\n\t\t\t\t<\/div>\n\t\t\t\t<\/div>\n\t\t\t\t<div class=\"elementor-element elementor-element-321cb120 elementor-widget elementor-widget-text-editor\" data-id=\"321cb120\" data-element_type=\"widget\" data-e-type=\"widget\" data-widget_type=\"text-editor.default\">\n\t\t\t\t<div class=\"elementor-widget-container\">\n\t\t\t\t\t\t\t\t\t<p><strong>4. Wie k\u00f6nnen Sie Cookies kontrollieren?<\/strong><br \/>Sie haben das Recht, Cookies zu akzeptieren oder abzulehnen:<br \/>\u2013 Browsereinstellungen: Sie k\u00f6nnen die Einstellungen Ihres Webbrowsers so anpassen, dass Cookies akzeptiert oder abgelehnt werden.<br \/>\u2013 Drittanbieter-Tools: Nutzen Sie Dienste wie YourAdChoices oder Browsererweiterungen.<br \/>\u2013 Cookie-Banner-Einstellungen: Beim ersten Besuch unserer Website werden Sie aufgefordert, Ihre Cookie-Einstellungen zu verwalten.<br \/>Hinweis: Das Deaktivieren von Cookies kann die Funktionalit\u00e4t unserer Website beeintr\u00e4chtigen.<\/p><p><strong>5. \u00c4nderungen dieser Richtlinie<\/strong><br \/>Wir k\u00f6nnen diese Cookie-Richtlinie von Zeit zu Zeit aktualisieren. Wir empfehlen Ihnen, diese Richtlinie regelm\u00e4\u00dfig zu \u00fcberpr\u00fcfen, um \u00fcber unsere Verwendung von Cookies auf dem Laufenden zu bleiben.<\/p><p><strong>6. Kontakt<\/strong><br \/>Bei Fragen zu unserer Verwendung von Cookies oder dieser Cookie-Richtlinie wenden Sie sich bitte an: Sourcingpartner.eu ICT Markets kft., Bocskai Ut 22, 1114 Budapest, Ungarn, E-Mail: contact@sourcingpartner.eu<\/p>\t\t\t\t\t\t\t\t<\/div>\n\t\t\t\t<\/div>\n\t\t\t\t<\/div>\n\t\t\t\t\t<\/div>\n\t\t\t\t<\/div>\n\t\t\t\t<\/div>\n\t\t","protected":false},"excerpt":{"rendered":"<p>Cookie-Informationen Letzte Aktualisierung: 2. Juni 2025 &#8211; Diese Cookie-Richtlinie erl\u00e4utert, wie sourcingpartner.eu (\u201ewir\u201c, \u201euns\u201c und \u201eunser\u201c) Cookies und \u00e4hnliche Technologien verwendet, um Sie beim Besuch unserer Website sourcingpartner.eu (\u201eWebsite\u201c) wiederzuerkennen. Sie erl\u00e4utert, was diese Technologien sind, warum wir sie verwenden und welche Rechte Sie haben, unsere Verwendung dieser Technologien zu kontrollieren. 1. Was sind Cookies?Cookies [&hellip;]<\/p>\n","protected":false},"author":1,"featured_media":0,"parent":0,"menu_order":0,"comment_status":"closed","ping_status":"closed","template":"elementor_header_footer","meta":{"footnotes":""},"class_list":["post-12383","page","type-page","status-publish","hentry"],"_links":{"self":[{"href":"https:\/\/sourcingpartner.eu\/de\/wp-json\/wp\/v2\/pages\/12383","targetHints":{"allow":["GET"]}}],"collection":[{"href":"https:\/\/sourcingpartner.eu\/de\/wp-json\/wp\/v2\/pages"}],"about":[{"href":"https:\/\/sourcingpartner.eu\/de\/wp-json\/wp\/v2\/types\/page"}],"author":[{"embeddable":true,"href":"https:\/\/sourcingpartner.eu\/de\/wp-json\/wp\/v2\/users\/1"}],"replies":[{"embeddable":true,"href":"https:\/\/sourcingpartner.eu\/de\/wp-json\/wp\/v2\/comments?post=12383"}],"version-history":[{"count":0,"href":"https:\/\/sourcingpartner.eu\/de\/wp-json\/wp\/v2\/pages\/12383\/revisions"}],"wp:attachment":[{"href":"https:\/\/sourcingpartner.eu\/de\/wp-json\/wp\/v2\/media?parent=12383"}],"curies":[{"name":"wp","href":"https:\/\/api.w.org\/{rel}","templated":true}]}}